{"id":11644,"date":"2020-05-14T15:25:58","date_gmt":"2020-05-14T14:25:58","guid":{"rendered":"https:\/\/iacrianca.pt\/message-from-the-chairwoman\/"},"modified":"2022-02-11T12:15:43","modified_gmt":"2022-02-11T12:15:43","slug":"message-from-the-chairwoman","status":"publish","type":"page","link":"https:\/\/iacrianca.pt\/en\/message-from-the-chairwoman\/","title":{"rendered":"Message from the Chairwoman"},"content":{"rendered":"\t\t<div data-elementor-type=\"wp-page\" data-elementor-id=\"11644\" class=\"elementor elementor-11644 elementor-2418\" data-elementor-post-type=\"page\">\n\t\t\t\t\t\t<section class=\"elementor-section elementor-top-section elementor-element elementor-element-60ccef7b elementor-section-boxed elementor-section-height-default elementor-section-height-default\" data-id=\"60ccef7b\" data-element_type=\"section\" data-e-type=\"section\" data-settings=\"{&quot;background_background&quot;:&quot;classic&quot;,&quot;shape_divider_bottom&quot;:&quot;mountains&quot;}\">\n\t\t\t\t\t<div class=\"elementor-shape elementor-shape-bottom\" aria-hidden=\"true\" data-negative=\"false\">\n\t\t\t<svg xmlns=\"http:\/\/www.w3.org\/2000\/svg\" viewBox=\"0 0 1000 100\" preserveAspectRatio=\"none\">\n\t<path class=\"elementor-shape-fill\" opacity=\"0.33\" d=\"M473,67.3c-203.9,88.3-263.1-34-320.3,0C66,119.1,0,59.7,0,59.7V0h1000v59.7 c0,0-62.1,26.1-94.9,29.3c-32.8,3.3-62.8-12.3-75.8-22.1C806,49.6,745.3,8.7,694.9,4.7S492.4,59,473,67.3z\"\/>\n\t<path class=\"elementor-shape-fill\" opacity=\"0.66\" d=\"M734,67.3c-45.5,0-77.2-23.2-129.1-39.1c-28.6-8.7-150.3-10.1-254,39.1 s-91.7-34.4-149.2,0C115.7,118.3,0,39.8,0,39.8V0h1000v36.5c0,0-28.2-18.5-92.1-18.5C810.2,18.1,775.7,67.3,734,67.3z\"\/>\n\t<path class=\"elementor-shape-fill\" d=\"M766.1,28.9c-200-57.5-266,65.5-395.1,19.5C242,1.8,242,5.4,184.8,20.6C128,35.8,132.3,44.9,89.9,52.5C28.6,63.7,0,0,0,0 h1000c0,0-9.9,40.9-83.6,48.1S829.6,47,766.1,28.9z\"\/>\n<\/svg>\t\t<\/div>\n\t\t\t\t\t<div class=\"elementor-container elementor-column-gap-default\">\n\t\t\t\t\t<div class=\"elementor-column elementor-col-100 elementor-top-column elementor-element elementor-element-c8c9b45\" data-id=\"c8c9b45\" data-element_type=\"column\" data-e-type=\"column\">\n\t\t\t<div class=\"elementor-widget-wrap elementor-element-populated\">\n\t\t\t\t\t\t<div class=\"elementor-element elementor-element-1b38ef10 elementor-widget elementor-widget-heading\" data-id=\"1b38ef10\" data-element_type=\"widget\" data-e-type=\"widget\" data-widget_type=\"heading.default\">\n\t\t\t\t<div class=\"elementor-widget-container\">\n\t\t\t\t\t<h1 class=\"elementor-heading-title elementor-size-default\">Message from the Chairwoman<\/h1>\t\t\t\t<\/div>\n\t\t\t\t<\/div>\n\t\t\t\t\t<\/div>\n\t\t<\/div>\n\t\t\t\t\t<\/div>\n\t\t<\/section>\n\t\t\t\t<section class=\"elementor-section elementor-top-section elementor-element elementor-element-9e4373e elementor-section-content-middle elementor-section-boxed elementor-section-height-default elementor-section-height-default\" data-id=\"9e4373e\" data-element_type=\"section\" data-e-type=\"section\" data-settings=\"{&quot;background_background&quot;:&quot;classic&quot;}\">\n\t\t\t\t\t\t<div class=\"elementor-container elementor-column-gap-default\">\n\t\t\t\t\t<div class=\"elementor-column elementor-col-100 elementor-top-column elementor-element elementor-element-835099b\" data-id=\"835099b\" data-element_type=\"column\" data-e-type=\"column\">\n\t\t\t<div class=\"elementor-widget-wrap elementor-element-populated\">\n\t\t\t\t\t\t<div class=\"elementor-element elementor-element-581b019 elementor-widget elementor-widget-text-editor\" data-id=\"581b019\" data-element_type=\"widget\" data-e-type=\"widget\" data-widget_type=\"text-editor.default\">\n\t\t\t\t<div class=\"elementor-widget-container\">\n\t\t\t\t\t\t\t\t\t<p class=\"p1\">The <strong>Instituto de Apoio \u00e1 Crian\u00e7a<\/strong> was born in <strong>1983<\/strong>, at the initiative of <strong>Manuela Ramalho Eanes<\/strong>, to whom were associated outstanding personalities of the Portuguese civic life of that time, such as    <strong>Jo\u00e3o dos Santos, Matilde Rosa Ara\u00fajo, Maria Jos\u00e9 Lobo Fernandes, Em\u00edlio Salgueiro, S\u00e9rgio Niza, Luisa Ducla Soares, Maria Em\u00edlia Brederode Santos and Meneres Barbosa.<\/strong><\/p><p class=\"p1\">The <strong>IAC<\/strong> was created as a fruit of this great movement that emerged with the <strong>International Year of the Child<\/strong> and already with the new perspective of Child as a subject of Rights.<\/p><p class=\"p1\">Violence against children is no longer accepted in <strong>Human Rights<\/strong> circles, and the <strong>1982 Penal Code<\/strong> of <strong>23 September<\/strong> defines the crime of child abuse.<\/p><p class=\"p1\">The idea of setting up a <strong>children\u2019s NGO<\/strong> was innovative because in a country with an autocratic history it would not be foreseeable for so many personalities from different walks of life, professional and academic, to unite around a cause that has not yet attained that much visibility and which, in turn, facilitates the path of difficult life trajectories.  <\/p><p class=\"p1\">We were living in our country a devastating social and financial crisis, of which \u201cback pay\u201d was the most dramatic phenomenon. Unemployment reached high percentages and the <strong>International Monetary Fund<\/strong> was called in that year of 1983 by the <strong>Central Bloc Government<\/strong>, as there was a serious pre-bankruptcy situation, and Portugal, which had not yet joined the EEC (the precursor of the European Union), had a weak economy, which also resented the old methods whose non-renewal led to a decline in fisheries and agriculture, and a very harsh de-industrialization, due to the failure to renew the old industries that had begun to compete with Asian markets, where cheap labor led to savage competition, which globalization would later make more obvious.   <\/p><p class=\"p1\">In this context of serious difficulties for families, the founding of the <strong>IAC<\/strong> was viewed with great sympathy by intellectual circles, and was regarded as a necessity by professionals such as doctors, nurses, social workers, psychologists, teachers and magistrates.<\/p><p class=\"p1\">I learned of this founding in my first judicial district, Set\u00fabal, where the first <strong>Bishop of Set\u00fabal, Dom Manuel Martins<\/strong>, a close friend of <strong>President Ramalho Eanes<\/strong> and his wife, <strong>Manuela Eanes<\/strong>, who presided over the IAC for more than thirty years and who is now its <a href=\"https:\/\/iacrianca.pt\/mensagem-presidente-honoraria\/\"><strong>Honorary President<\/strong><\/a>.<\/p><p class=\"p1\">I was enthusiastic because only then did I begin to have a more real sense of the lives of children and women who were victims of violence, aggravated also by the serious social crisis caused by the closure of several factories in the district.<\/p><p class=\"p1\">When, months later, a memorable meeting was held in the <strong>Gulbenkian<\/strong> where measures were requested to combat child abuse, I was there and I witnessed the importance of not being silenced anymore.<\/p><p class=\"p1\">It was a very rich path that I have always followed and that marked the history of child protection in our country.<\/p><p class=\"p1\">In assuming the presidency of the IAC, I have always thought of these functions as a service, which I will exercise with the aim of contributing to the elevation of the Statute of the Child, for its Dignity and in its best interest. <\/p><p class=\"p1\">I know I can count on motivated and competent teams and the Board committed to this greater cause, but we have to be able to bring in more people, because there are a lot of people full of energy and with experience who can join us. We are never too many to fight poverty and violence in order to achieve a less unequal and fairer world.<\/p><p class=\"p1\">Today, the <strong>IAC<\/strong> is a reference at national and international level and has been able to reinvent itself in order to be able to help more and better. That is what has now happened with the pandemic and the declaration of the State of Emergency, which has forced us to rethink methodologies in order to continue our actions, while always supporting children and young people and their families, especially those who live in situations of greater adversity and vulnerability. <\/p><p class=\"p1\"><strong>I am confident that even firmer solidarity will emerge from this crisis.<\/strong><\/p><p class=\"p1\">I believe that the words of Jorge de Sena will be able to echo ever more strongly in the hearts of good people who each day feel the need to pay homage to the <strong>&#8220;honor of being alive&#8221;<\/strong>, and do not accept indifference to violence, social exclusion and injustice.<\/p><p>The Board of Directors Chairwoman<br><strong><em>Dulce Rocha<\/em><\/strong><\/p>\t\t\t\t\t\t\t\t<\/div>\n\t\t\t\t<\/div>\n\t\t\t\t\t<\/div>\n\t\t<\/div>\n\t\t\t\t\t<\/div>\n\t\t<\/section>\n\t\t\t\t<\/div>\n\t\t","protected":false},"excerpt":{"rendered":"<p>Message from the Chairwoman The Instituto de Apoio \u00e1 Crian\u00e7a was born in 1983, at the initiative of Manuela Ramalho Eanes, to whom were associated outstanding personalities of the Portuguese civic life of that time, such as Jo\u00e3o dos Santos, Matilde Rosa Ara\u00fajo, Maria Jos\u00e9 Lobo Fernandes, Em\u00edlio Salgueiro, S\u00e9rgio Niza, Luisa Ducla Soares, Maria&hellip;<\/p>\n","protected":false},"author":2,"featured_media":9246,"parent":0,"menu_order":20,"comment_status":"closed","ping_status":"closed","template":"elementor_header_footer","meta":{"_acf_changed":false,"footnotes":""},"class_list":["post-11644","page","type-page","status-publish","has-post-thumbnail","hentry"],"acf":[],"yoast_head":"<!-- This site is optimized with the Yoast SEO plugin v27.4 - https:\/\/yoast.com\/product\/yoast-seo-wordpress\/ -->\n<title>Message from the Chairwoman | Instituto de Apoio \u00e0 Crian\u00e7a<\/title>\n<meta name=\"description\" content=\"Message from the Chairwoman: The IAC was born within a movement, already with the new perspective of Child as Subject of Rights.\" \/>\n<meta name=\"robots\" content=\"index, follow, max-snippet:-1, max-image-preview:large, max-video-preview:-1\" \/>\n<link rel=\"canonical\" href=\"https:\/\/iacrianca.pt\/en\/message-from-the-chairwoman\/\" \/>\n<meta property=\"og:locale\" content=\"en_US\" \/>\n<meta property=\"og:type\" content=\"article\" \/>\n<meta property=\"og:title\" content=\"Message from the Chairwoman | Instituto de Apoio \u00e0 Crian\u00e7a\" \/>\n<meta property=\"og:description\" content=\"Message from the Chairwoman: The IAC was born within a movement, already with the new perspective of Child as Subject of Rights.\" \/>\n<meta property=\"og:url\" content=\"https:\/\/iacrianca.pt\/en\/message-from-the-chairwoman\/\" \/>\n<meta property=\"og:site_name\" content=\"Instituto de Apoio \u00e0 Crian\u00e7a\" \/>\n<meta property=\"article:publisher\" content=\"https:\/\/www.facebook.com\/iacinstitutodeapoioacrianca\" \/>\n<meta property=\"article:modified_time\" content=\"2022-02-11T12:15:43+00:00\" \/>\n<meta property=\"og:image\" content=\"https:\/\/iacrianca.pt\/wp-content\/uploads\/2020\/03\/co004.jpg\" \/>\n\t<meta property=\"og:image:width\" content=\"1500\" \/>\n\t<meta property=\"og:image:height\" content=\"1000\" \/>\n\t<meta property=\"og:image:type\" content=\"image\/jpeg\" \/>\n<meta name=\"twitter:card\" content=\"summary_large_image\" \/>\n<meta name=\"twitter:site\" content=\"@iacapoiocrianca\" \/>\n<meta name=\"twitter:label1\" content=\"Est. reading time\" \/>\n\t<meta name=\"twitter:data1\" content=\"4 minutes\" \/>\n<script type=\"application\/ld+json\" class=\"yoast-schema-graph\">{\"@context\":\"https:\\\/\\\/schema.org\",\"@graph\":[{\"@type\":\"WebPage\",\"@id\":\"https:\\\/\\\/iacrianca.pt\\\/en\\\/message-from-the-chairwoman\\\/\",\"url\":\"https:\\\/\\\/iacrianca.pt\\\/en\\\/message-from-the-chairwoman\\\/\",\"name\":\"Message from the Chairwoman | Instituto de Apoio \u00e0 Crian\u00e7a\",\"isPartOf\":{\"@id\":\"https:\\\/\\\/iacrianca.pt\\\/en\\\/#website\"},\"primaryImageOfPage\":{\"@id\":\"https:\\\/\\\/iacrianca.pt\\\/en\\\/message-from-the-chairwoman\\\/#primaryimage\"},\"image\":{\"@id\":\"https:\\\/\\\/iacrianca.pt\\\/en\\\/message-from-the-chairwoman\\\/#primaryimage\"},\"thumbnailUrl\":\"https:\\\/\\\/iacrianca.pt\\\/wp-content\\\/uploads\\\/2020\\\/03\\\/co004.jpg\",\"datePublished\":\"2020-05-14T14:25:58+00:00\",\"dateModified\":\"2022-02-11T12:15:43+00:00\",\"description\":\"Message from the Chairwoman: The IAC was born within a movement, already with the new perspective of Child as Subject of Rights.\",\"breadcrumb\":{\"@id\":\"https:\\\/\\\/iacrianca.pt\\\/en\\\/message-from-the-chairwoman\\\/#breadcrumb\"},\"inLanguage\":\"en-US\",\"potentialAction\":[{\"@type\":\"ReadAction\",\"target\":[\"https:\\\/\\\/iacrianca.pt\\\/en\\\/message-from-the-chairwoman\\\/\"]}]},{\"@type\":\"ImageObject\",\"inLanguage\":\"en-US\",\"@id\":\"https:\\\/\\\/iacrianca.pt\\\/en\\\/message-from-the-chairwoman\\\/#primaryimage\",\"url\":\"https:\\\/\\\/iacrianca.pt\\\/wp-content\\\/uploads\\\/2020\\\/03\\\/co004.jpg\",\"contentUrl\":\"https:\\\/\\\/iacrianca.pt\\\/wp-content\\\/uploads\\\/2020\\\/03\\\/co004.jpg\",\"width\":1500,\"height\":1000},{\"@type\":\"BreadcrumbList\",\"@id\":\"https:\\\/\\\/iacrianca.pt\\\/en\\\/message-from-the-chairwoman\\\/#breadcrumb\",\"itemListElement\":[{\"@type\":\"ListItem\",\"position\":1,\"name\":\"In\u00edcio\",\"item\":\"https:\\\/\\\/iacrianca.pt\\\/en\\\/\"},{\"@type\":\"ListItem\",\"position\":2,\"name\":\"Message from the Chairwoman\"}]},{\"@type\":\"WebSite\",\"@id\":\"https:\\\/\\\/iacrianca.pt\\\/en\\\/#website\",\"url\":\"https:\\\/\\\/iacrianca.pt\\\/en\\\/\",\"name\":\"Instituto de Apoio \u00e0 Crian\u00e7a\",\"description\":\"Desde 1983 na defesa e promo\u00e7\u00e3o dos direitos da crian\u00e7a\",\"publisher\":{\"@id\":\"https:\\\/\\\/iacrianca.pt\\\/en\\\/#organization\"},\"potentialAction\":[{\"@type\":\"SearchAction\",\"target\":{\"@type\":\"EntryPoint\",\"urlTemplate\":\"https:\\\/\\\/iacrianca.pt\\\/en\\\/?s={search_term_string}\"},\"query-input\":{\"@type\":\"PropertyValueSpecification\",\"valueRequired\":true,\"valueName\":\"search_term_string\"}}],\"inLanguage\":\"en-US\"},{\"@type\":\"Organization\",\"@id\":\"https:\\\/\\\/iacrianca.pt\\\/en\\\/#organization\",\"name\":\"Instituto de Apoio \u00e0 Crian\u00e7a\",\"url\":\"https:\\\/\\\/iacrianca.pt\\\/en\\\/\",\"logo\":{\"@type\":\"ImageObject\",\"inLanguage\":\"en-US\",\"@id\":\"https:\\\/\\\/iacrianca.pt\\\/en\\\/#\\\/schema\\\/logo\\\/image\\\/\",\"url\":\"https:\\\/\\\/iacrianca.pt\\\/wp-content\\\/uploads\\\/2020\\\/04\\\/logo-iac-SD.jpg\",\"contentUrl\":\"https:\\\/\\\/iacrianca.pt\\\/wp-content\\\/uploads\\\/2020\\\/04\\\/logo-iac-SD.jpg\",\"width\":152,\"height\":73,\"caption\":\"Instituto de Apoio \u00e0 Crian\u00e7a\"},\"image\":{\"@id\":\"https:\\\/\\\/iacrianca.pt\\\/en\\\/#\\\/schema\\\/logo\\\/image\\\/\"},\"sameAs\":[\"https:\\\/\\\/www.facebook.com\\\/iacinstitutodeapoioacrianca\",\"https:\\\/\\\/x.com\\\/iacapoiocrianca\",\"https:\\\/\\\/www.youtube.com\\\/channel\\\/UC0jjfZ_xkN_59gJf_RQ-ZnQ\",\"https:\\\/\\\/www.linkedin.com\\\/company\\\/instituto-de-apoio--criana\\\/\",\"https:\\\/\\\/www.instagram.com\\\/iacinstitutodeapoioacrianca\\\/\",\"https:\\\/\\\/criancasatortoeadireitos.wordpress.com\\\/\"]}]}<\/script>\n<!-- \/ Yoast SEO plugin. -->","yoast_head_json":{"title":"Message from the Chairwoman | Instituto de Apoio \u00e0 Crian\u00e7a","description":"Message from the Chairwoman: The IAC was born within a movement, already with the new perspective of Child as Subject of Rights.","robots":{"index":"index","follow":"follow","max-snippet":"max-snippet:-1","max-image-preview":"max-image-preview:large","max-video-preview":"max-video-preview:-1"},"canonical":"https:\/\/iacrianca.pt\/en\/message-from-the-chairwoman\/","og_locale":"en_US","og_type":"article","og_title":"Message from the Chairwoman | Instituto de Apoio \u00e0 Crian\u00e7a","og_description":"Message from the Chairwoman: The IAC was born within a movement, already with the new perspective of Child as Subject of Rights.","og_url":"https:\/\/iacrianca.pt\/en\/message-from-the-chairwoman\/","og_site_name":"Instituto de Apoio \u00e0 Crian\u00e7a","article_publisher":"https:\/\/www.facebook.com\/iacinstitutodeapoioacrianca","article_modified_time":"2022-02-11T12:15:43+00:00","og_image":[{"width":1500,"height":1000,"url":"https:\/\/iacrianca.pt\/wp-content\/uploads\/2020\/03\/co004.jpg","type":"image\/jpeg"}],"twitter_card":"summary_large_image","twitter_site":"@iacapoiocrianca","twitter_misc":{"Est. reading time":"4 minutes"},"schema":{"@context":"https:\/\/schema.org","@graph":[{"@type":"WebPage","@id":"https:\/\/iacrianca.pt\/en\/message-from-the-chairwoman\/","url":"https:\/\/iacrianca.pt\/en\/message-from-the-chairwoman\/","name":"Message from the Chairwoman | Instituto de Apoio \u00e0 Crian\u00e7a","isPartOf":{"@id":"https:\/\/iacrianca.pt\/en\/#website"},"primaryImageOfPage":{"@id":"https:\/\/iacrianca.pt\/en\/message-from-the-chairwoman\/#primaryimage"},"image":{"@id":"https:\/\/iacrianca.pt\/en\/message-from-the-chairwoman\/#primaryimage"},"thumbnailUrl":"https:\/\/iacrianca.pt\/wp-content\/uploads\/2020\/03\/co004.jpg","datePublished":"2020-05-14T14:25:58+00:00","dateModified":"2022-02-11T12:15:43+00:00","description":"Message from the Chairwoman: The IAC was born within a movement, already with the new perspective of Child as Subject of Rights.","breadcrumb":{"@id":"https:\/\/iacrianca.pt\/en\/message-from-the-chairwoman\/#breadcrumb"},"inLanguage":"en-US","potentialAction":[{"@type":"ReadAction","target":["https:\/\/iacrianca.pt\/en\/message-from-the-chairwoman\/"]}]},{"@type":"ImageObject","inLanguage":"en-US","@id":"https:\/\/iacrianca.pt\/en\/message-from-the-chairwoman\/#primaryimage","url":"https:\/\/iacrianca.pt\/wp-content\/uploads\/2020\/03\/co004.jpg","contentUrl":"https:\/\/iacrianca.pt\/wp-content\/uploads\/2020\/03\/co004.jpg","width":1500,"height":1000},{"@type":"BreadcrumbList","@id":"https:\/\/iacrianca.pt\/en\/message-from-the-chairwoman\/#breadcrumb","itemListElement":[{"@type":"ListItem","position":1,"name":"In\u00edcio","item":"https:\/\/iacrianca.pt\/en\/"},{"@type":"ListItem","position":2,"name":"Message from the Chairwoman"}]},{"@type":"WebSite","@id":"https:\/\/iacrianca.pt\/en\/#website","url":"https:\/\/iacrianca.pt\/en\/","name":"Instituto de Apoio \u00e0 Crian\u00e7a","description":"Desde 1983 na defesa e promo\u00e7\u00e3o dos direitos da crian\u00e7a","publisher":{"@id":"https:\/\/iacrianca.pt\/en\/#organization"},"potentialAction":[{"@type":"SearchAction","target":{"@type":"EntryPoint","urlTemplate":"https:\/\/iacrianca.pt\/en\/?s={search_term_string}"},"query-input":{"@type":"PropertyValueSpecification","valueRequired":true,"valueName":"search_term_string"}}],"inLanguage":"en-US"},{"@type":"Organization","@id":"https:\/\/iacrianca.pt\/en\/#organization","name":"Instituto de Apoio \u00e0 Crian\u00e7a","url":"https:\/\/iacrianca.pt\/en\/","logo":{"@type":"ImageObject","inLanguage":"en-US","@id":"https:\/\/iacrianca.pt\/en\/#\/schema\/logo\/image\/","url":"https:\/\/iacrianca.pt\/wp-content\/uploads\/2020\/04\/logo-iac-SD.jpg","contentUrl":"https:\/\/iacrianca.pt\/wp-content\/uploads\/2020\/04\/logo-iac-SD.jpg","width":152,"height":73,"caption":"Instituto de Apoio \u00e0 Crian\u00e7a"},"image":{"@id":"https:\/\/iacrianca.pt\/en\/#\/schema\/logo\/image\/"},"sameAs":["https:\/\/www.facebook.com\/iacinstitutodeapoioacrianca","https:\/\/x.com\/iacapoiocrianca","https:\/\/www.youtube.com\/channel\/UC0jjfZ_xkN_59gJf_RQ-ZnQ","https:\/\/www.linkedin.com\/company\/instituto-de-apoio--criana\/","https:\/\/www.instagram.com\/iacinstitutodeapoioacrianca\/","https:\/\/criancasatortoeadireitos.wordpress.com\/"]}]}},"_links":{"self":[{"href":"https:\/\/iacrianca.pt\/en\/wp-json\/wp\/v2\/pages\/11644","targetHints":{"allow":["GET"]}}],"collection":[{"href":"https:\/\/iacrianca.pt\/en\/wp-json\/wp\/v2\/pages"}],"about":[{"href":"https:\/\/iacrianca.pt\/en\/wp-json\/wp\/v2\/types\/page"}],"author":[{"embeddable":true,"href":"https:\/\/iacrianca.pt\/en\/wp-json\/wp\/v2\/users\/2"}],"replies":[{"embeddable":true,"href":"https:\/\/iacrianca.pt\/en\/wp-json\/wp\/v2\/comments?post=11644"}],"version-history":[{"count":0,"href":"https:\/\/iacrianca.pt\/en\/wp-json\/wp\/v2\/pages\/11644\/revisions"}],"wp:featuredmedia":[{"embeddable":true,"href":"https:\/\/iacrianca.pt\/en\/wp-json\/wp\/v2\/media\/9246"}],"wp:attachment":[{"href":"https:\/\/iacrianca.pt\/en\/wp-json\/wp\/v2\/media?parent=11644"}],"curies":[{"name":"wp","href":"https:\/\/api.w.org\/{rel}","templated":true}]}}