{"id":11648,"date":"2020-05-14T14:43:41","date_gmt":"2020-05-14T14:43:41","guid":{"rendered":"https:\/\/iacrianca.pt\/the-honorary-chairwomans-message\/"},"modified":"2022-02-11T12:19:28","modified_gmt":"2022-02-11T12:19:28","slug":"the-honorary-chairwomans-message","status":"publish","type":"page","link":"https:\/\/iacrianca.pt\/en\/the-honorary-chairwomans-message\/","title":{"rendered":"The Honorary Chairwoman\u2019s Message"},"content":{"rendered":"\t\t<div data-elementor-type=\"wp-page\" data-elementor-id=\"11648\" class=\"elementor elementor-11648 elementor-2402\" data-elementor-post-type=\"page\">\n\t\t\t\t\t\t<section class=\"elementor-section elementor-top-section elementor-element elementor-element-60ccef7b elementor-section-boxed elementor-section-height-default elementor-section-height-default\" data-id=\"60ccef7b\" data-element_type=\"section\" data-e-type=\"section\" data-settings=\"{&quot;background_background&quot;:&quot;classic&quot;,&quot;shape_divider_bottom&quot;:&quot;mountains&quot;}\">\n\t\t\t\t\t<div class=\"elementor-shape elementor-shape-bottom\" aria-hidden=\"true\" data-negative=\"false\">\n\t\t\t<svg xmlns=\"http:\/\/www.w3.org\/2000\/svg\" viewBox=\"0 0 1000 100\" preserveAspectRatio=\"none\">\n\t<path class=\"elementor-shape-fill\" opacity=\"0.33\" d=\"M473,67.3c-203.9,88.3-263.1-34-320.3,0C66,119.1,0,59.7,0,59.7V0h1000v59.7 c0,0-62.1,26.1-94.9,29.3c-32.8,3.3-62.8-12.3-75.8-22.1C806,49.6,745.3,8.7,694.9,4.7S492.4,59,473,67.3z\"\/>\n\t<path class=\"elementor-shape-fill\" opacity=\"0.66\" d=\"M734,67.3c-45.5,0-77.2-23.2-129.1-39.1c-28.6-8.7-150.3-10.1-254,39.1 s-91.7-34.4-149.2,0C115.7,118.3,0,39.8,0,39.8V0h1000v36.5c0,0-28.2-18.5-92.1-18.5C810.2,18.1,775.7,67.3,734,67.3z\"\/>\n\t<path class=\"elementor-shape-fill\" d=\"M766.1,28.9c-200-57.5-266,65.5-395.1,19.5C242,1.8,242,5.4,184.8,20.6C128,35.8,132.3,44.9,89.9,52.5C28.6,63.7,0,0,0,0 h1000c0,0-9.9,40.9-83.6,48.1S829.6,47,766.1,28.9z\"\/>\n<\/svg>\t\t<\/div>\n\t\t\t\t\t<div class=\"elementor-container elementor-column-gap-default\">\n\t\t\t\t\t<div class=\"elementor-column elementor-col-100 elementor-top-column elementor-element elementor-element-c8c9b45\" data-id=\"c8c9b45\" data-element_type=\"column\" data-e-type=\"column\">\n\t\t\t<div class=\"elementor-widget-wrap elementor-element-populated\">\n\t\t\t\t\t\t<div class=\"elementor-element elementor-element-1b38ef10 elementor-widget elementor-widget-heading\" data-id=\"1b38ef10\" data-element_type=\"widget\" data-e-type=\"widget\" data-widget_type=\"heading.default\">\n\t\t\t\t<div class=\"elementor-widget-container\">\n\t\t\t\t\t<h1 class=\"elementor-heading-title elementor-size-default\">The Honorary Chairwoman\u2019s Message<\/h1>\t\t\t\t<\/div>\n\t\t\t\t<\/div>\n\t\t\t\t\t<\/div>\n\t\t<\/div>\n\t\t\t\t\t<\/div>\n\t\t<\/section>\n\t\t\t\t<section class=\"elementor-section elementor-top-section elementor-element elementor-element-9e4373e elementor-section-content-middle elementor-section-boxed elementor-section-height-default elementor-section-height-default\" data-id=\"9e4373e\" data-element_type=\"section\" data-e-type=\"section\" data-settings=\"{&quot;background_background&quot;:&quot;classic&quot;}\">\n\t\t\t\t\t\t<div class=\"elementor-container elementor-column-gap-default\">\n\t\t\t\t\t<div class=\"elementor-column elementor-col-100 elementor-top-column elementor-element elementor-element-835099b\" data-id=\"835099b\" data-element_type=\"column\" data-e-type=\"column\">\n\t\t\t<div class=\"elementor-widget-wrap elementor-element-populated\">\n\t\t\t\t\t\t<div class=\"elementor-element elementor-element-d30dce5 elementor-widget elementor-widget-text-editor\" data-id=\"d30dce5\" data-element_type=\"widget\" data-e-type=\"widget\" data-widget_type=\"text-editor.default\">\n\t\t\t\t<div class=\"elementor-widget-container\">\n\t\t\t\t\t\t\t\t\t<p>The <strong>Instituto de Apoio \u00e1 Crian\u00e7a (IAC)<\/strong> was born as a result of the inspiration of Jo\u00e3o dos Santos, a physician and educator of great sensitivity and reputation, who knew that &#8220;a childhood policy must be the work of the entire community with active and widespread participation of people and in the coordinated work of the institutions&#8221;.<\/p><p>The <strong>IAC<\/strong> is a non-profit institution, created in 1983 by a group of people from different professional areas \u2013 doctors, magistrates, teachers, psychologists, jurists, sociologists, social service specialists, educators and many others. Its main objective is to contribute to the integral development of the child, in the defense and promotion of their rights, with the child being seen as a subject of rights in the family, school, health, social security or in their free time. <\/p><p>It aims to stimulate, support and disseminate the work of all those concerned with the search for new answers to the problems of children in Portugal, as well as collaborating with similar institutions, both national and foreign.<\/p><p>With information and awareness programmes, with projects of direct intervention in areas previously covered neither by the State nor by other entities, the <strong>IAC<\/strong> followed this path, in defense of better conditions, more well-being and more dignity for the Child.<\/p><p>In order to pursue its projects, the <strong>IAC<\/strong> carries out information and awareness-raising actions and also has direct intervention in areas not secured by the State or by other entities, namely the SOS-Crian\u00e7a\/Missing Child Services; Projecto Rua\/Em Fam\u00edlia para Crescer (Project Street\/In Family to Grow); Actividade L\u00fadica (Playful Activity); Legal Service; Humanization of Child Care Services and Center for Studies, Documentation and Information on Children. <\/p><p>These are new times and new realities which the <strong>IAC<\/strong> seeks to accompany, developing innovative forms of intervention with children, such as street animators, school animators, solidarity agents, institutional mediation, young volunteers and students university students, especially in the areas of Social Sciences and Humanities. <\/p><p>Following this line, in 2010 the <strong>IAC<\/strong> expands its presence on the Internet through this website, Facebook, the blog Crian\u00e7as a Torto e a Direitos, etc., providing more information and thus contributing to the formation of a culture of participation, thanks to the development of communication and information technologies, globalization and the evolution of citizenship, with the aim of uniting people in the Defense and Promotion of the Rights of the Child. <\/p><p>Since 1983, the <strong>IAC<\/strong> has been an important reality at the service of children, the family and the community, especially for many children, any support they lack, guaranteeing their rights, interests and needs.<\/p><p>We know that we are not going to solve all the problems of children in danger, unloved, missing and sexually exploited and who suffer so acutely from the consequences of a society so often dehumanized and socially unjust.<\/p><p>Jo\u00e3o dos Santos, the founding partner of the <strong>Instituto de Apoio \u00e0 Crian\u00e7a<\/strong> said, &#8220;man&#8217;s destiny is determined by the way he is raised, by the warmth of the arms that extend to him, by the ideology that surrounds him and the freedom that it is provided for him to imagine, experiment and think&#8221;.<\/p><p>I wish you good navigation on the <strong>IAC<\/strong>&#8216;s website.<\/p><p> <\/p><p>The Honorary Chairwoman<br><strong><em>Manuela Ramalho Eanes<\/em><\/strong><\/p>\t\t\t\t\t\t\t\t<\/div>\n\t\t\t\t<\/div>\n\t\t\t\t\t<\/div>\n\t\t<\/div>\n\t\t\t\t\t<\/div>\n\t\t<\/section>\n\t\t\t\t<\/div>\n\t\t","protected":false},"excerpt":{"rendered":"<p>The Honorary Chairwoman\u2019s Message The Instituto de Apoio \u00e1 Crian\u00e7a (IAC) was born as a result of the inspiration of Jo\u00e3o dos Santos, a physician and educator of great sensitivity and reputation, who knew that &#8220;a childhood policy must be the work of the entire community with active and widespread participation of people and in&hellip;<\/p>\n","protected":false},"author":2,"featured_media":9246,"parent":0,"menu_order":20,"comment_status":"closed","ping_status":"closed","template":"elementor_header_footer","meta":{"_acf_changed":false,"footnotes":""},"class_list":["post-11648","page","type-page","status-publish","has-post-thumbnail","hentry"],"acf":[],"yoast_head":"<!-- This site is optimized with the Yoast SEO plugin v27.5 - https:\/\/yoast.com\/product\/yoast-seo-wordpress\/ -->\n<title>The Honorary Chairwoman\u2019s Message | Instituto de Apoio \u00e0 Crian\u00e7a<\/title>\n<meta name=\"description\" content=\"Message from the Honorary President: &quot;a policy for children must be the work of the entire community with the active participation of the people&quot;.\" \/>\n<meta name=\"robots\" content=\"index, follow, max-snippet:-1, max-image-preview:large, max-video-preview:-1\" \/>\n<link rel=\"canonical\" href=\"https:\/\/iacrianca.pt\/en\/the-honorary-chairwomans-message\/\" \/>\n<meta property=\"og:locale\" content=\"en_US\" \/>\n<meta property=\"og:type\" content=\"article\" \/>\n<meta property=\"og:title\" content=\"The Honorary Chairwoman\u2019s Message | Instituto de Apoio \u00e0 Crian\u00e7a\" \/>\n<meta property=\"og:description\" content=\"Message from the Honorary President: &quot;a policy for children must be the work of the entire community with the active participation of the people&quot;.\" \/>\n<meta property=\"og:url\" content=\"https:\/\/iacrianca.pt\/en\/the-honorary-chairwomans-message\/\" \/>\n<meta property=\"og:site_name\" content=\"Instituto de Apoio \u00e0 Crian\u00e7a\" \/>\n<meta property=\"article:publisher\" content=\"https:\/\/www.facebook.com\/iacinstitutodeapoioacrianca\" \/>\n<meta property=\"article:modified_time\" content=\"2022-02-11T12:19:28+00:00\" \/>\n<meta property=\"og:image\" content=\"https:\/\/iacrianca.pt\/wp-content\/uploads\/2020\/03\/co004.jpg\" \/>\n\t<meta property=\"og:image:width\" content=\"1500\" \/>\n\t<meta property=\"og:image:height\" content=\"1000\" \/>\n\t<meta property=\"og:image:type\" content=\"image\/jpeg\" \/>\n<meta name=\"twitter:card\" content=\"summary_large_image\" \/>\n<meta name=\"twitter:site\" content=\"@iacapoiocrianca\" \/>\n<meta name=\"twitter:label1\" content=\"Est. reading time\" \/>\n\t<meta name=\"twitter:data1\" content=\"3 minutes\" \/>\n<script type=\"application\/ld+json\" class=\"yoast-schema-graph\">{\"@context\":\"https:\\\/\\\/schema.org\",\"@graph\":[{\"@type\":\"WebPage\",\"@id\":\"https:\\\/\\\/iacrianca.pt\\\/en\\\/the-honorary-chairwomans-message\\\/\",\"url\":\"https:\\\/\\\/iacrianca.pt\\\/en\\\/the-honorary-chairwomans-message\\\/\",\"name\":\"The Honorary Chairwoman\u2019s Message | Instituto de Apoio \u00e0 Crian\u00e7a\",\"isPartOf\":{\"@id\":\"https:\\\/\\\/iacrianca.pt\\\/en\\\/#website\"},\"primaryImageOfPage\":{\"@id\":\"https:\\\/\\\/iacrianca.pt\\\/en\\\/the-honorary-chairwomans-message\\\/#primaryimage\"},\"image\":{\"@id\":\"https:\\\/\\\/iacrianca.pt\\\/en\\\/the-honorary-chairwomans-message\\\/#primaryimage\"},\"thumbnailUrl\":\"https:\\\/\\\/iacrianca.pt\\\/wp-content\\\/uploads\\\/2020\\\/03\\\/co004.jpg\",\"datePublished\":\"2020-05-14T14:43:41+00:00\",\"dateModified\":\"2022-02-11T12:19:28+00:00\",\"description\":\"Message from the Honorary President: \\\"a policy for children must be the work of the entire community with the active participation of the people\\\".\",\"breadcrumb\":{\"@id\":\"https:\\\/\\\/iacrianca.pt\\\/en\\\/the-honorary-chairwomans-message\\\/#breadcrumb\"},\"inLanguage\":\"en-US\",\"potentialAction\":[{\"@type\":\"ReadAction\",\"target\":[\"https:\\\/\\\/iacrianca.pt\\\/en\\\/the-honorary-chairwomans-message\\\/\"]}]},{\"@type\":\"ImageObject\",\"inLanguage\":\"en-US\",\"@id\":\"https:\\\/\\\/iacrianca.pt\\\/en\\\/the-honorary-chairwomans-message\\\/#primaryimage\",\"url\":\"https:\\\/\\\/iacrianca.pt\\\/wp-content\\\/uploads\\\/2020\\\/03\\\/co004.jpg\",\"contentUrl\":\"https:\\\/\\\/iacrianca.pt\\\/wp-content\\\/uploads\\\/2020\\\/03\\\/co004.jpg\",\"width\":1500,\"height\":1000},{\"@type\":\"BreadcrumbList\",\"@id\":\"https:\\\/\\\/iacrianca.pt\\\/en\\\/the-honorary-chairwomans-message\\\/#breadcrumb\",\"itemListElement\":[{\"@type\":\"ListItem\",\"position\":1,\"name\":\"In\u00edcio\",\"item\":\"https:\\\/\\\/iacrianca.pt\\\/en\\\/\"},{\"@type\":\"ListItem\",\"position\":2,\"name\":\"The Honorary Chairwoman\u2019s Message\"}]},{\"@type\":\"WebSite\",\"@id\":\"https:\\\/\\\/iacrianca.pt\\\/en\\\/#website\",\"url\":\"https:\\\/\\\/iacrianca.pt\\\/en\\\/\",\"name\":\"Instituto de Apoio \u00e0 Crian\u00e7a\",\"description\":\"Desde 1983 na defesa e promo\u00e7\u00e3o dos direitos da crian\u00e7a\",\"publisher\":{\"@id\":\"https:\\\/\\\/iacrianca.pt\\\/en\\\/#organization\"},\"potentialAction\":[{\"@type\":\"SearchAction\",\"target\":{\"@type\":\"EntryPoint\",\"urlTemplate\":\"https:\\\/\\\/iacrianca.pt\\\/en\\\/?s={search_term_string}\"},\"query-input\":{\"@type\":\"PropertyValueSpecification\",\"valueRequired\":true,\"valueName\":\"search_term_string\"}}],\"inLanguage\":\"en-US\"},{\"@type\":\"Organization\",\"@id\":\"https:\\\/\\\/iacrianca.pt\\\/en\\\/#organization\",\"name\":\"Instituto de Apoio \u00e0 Crian\u00e7a\",\"url\":\"https:\\\/\\\/iacrianca.pt\\\/en\\\/\",\"logo\":{\"@type\":\"ImageObject\",\"inLanguage\":\"en-US\",\"@id\":\"https:\\\/\\\/iacrianca.pt\\\/en\\\/#\\\/schema\\\/logo\\\/image\\\/\",\"url\":\"https:\\\/\\\/iacrianca.pt\\\/wp-content\\\/uploads\\\/2020\\\/04\\\/logo-iac-SD.jpg\",\"contentUrl\":\"https:\\\/\\\/iacrianca.pt\\\/wp-content\\\/uploads\\\/2020\\\/04\\\/logo-iac-SD.jpg\",\"width\":152,\"height\":73,\"caption\":\"Instituto de Apoio \u00e0 Crian\u00e7a\"},\"image\":{\"@id\":\"https:\\\/\\\/iacrianca.pt\\\/en\\\/#\\\/schema\\\/logo\\\/image\\\/\"},\"sameAs\":[\"https:\\\/\\\/www.facebook.com\\\/iacinstitutodeapoioacrianca\",\"https:\\\/\\\/x.com\\\/iacapoiocrianca\",\"https:\\\/\\\/www.youtube.com\\\/channel\\\/UC0jjfZ_xkN_59gJf_RQ-ZnQ\",\"https:\\\/\\\/www.linkedin.com\\\/company\\\/instituto-de-apoio--criana\\\/\",\"https:\\\/\\\/www.instagram.com\\\/iacinstitutodeapoioacrianca\\\/\",\"https:\\\/\\\/criancasatortoeadireitos.wordpress.com\\\/\"]}]}<\/script>\n<!-- \/ Yoast SEO plugin. -->","yoast_head_json":{"title":"The Honorary Chairwoman\u2019s Message | Instituto de Apoio \u00e0 Crian\u00e7a","description":"Message from the Honorary President: \"a policy for children must be the work of the entire community with the active participation of the people\".","robots":{"index":"index","follow":"follow","max-snippet":"max-snippet:-1","max-image-preview":"max-image-preview:large","max-video-preview":"max-video-preview:-1"},"canonical":"https:\/\/iacrianca.pt\/en\/the-honorary-chairwomans-message\/","og_locale":"en_US","og_type":"article","og_title":"The Honorary Chairwoman\u2019s Message | Instituto de Apoio \u00e0 Crian\u00e7a","og_description":"Message from the Honorary President: \"a policy for children must be the work of the entire community with the active participation of the people\".","og_url":"https:\/\/iacrianca.pt\/en\/the-honorary-chairwomans-message\/","og_site_name":"Instituto de Apoio \u00e0 Crian\u00e7a","article_publisher":"https:\/\/www.facebook.com\/iacinstitutodeapoioacrianca","article_modified_time":"2022-02-11T12:19:28+00:00","og_image":[{"width":1500,"height":1000,"url":"https:\/\/iacrianca.pt\/wp-content\/uploads\/2020\/03\/co004.jpg","type":"image\/jpeg"}],"twitter_card":"summary_large_image","twitter_site":"@iacapoiocrianca","twitter_misc":{"Est. reading time":"3 minutes"},"schema":{"@context":"https:\/\/schema.org","@graph":[{"@type":"WebPage","@id":"https:\/\/iacrianca.pt\/en\/the-honorary-chairwomans-message\/","url":"https:\/\/iacrianca.pt\/en\/the-honorary-chairwomans-message\/","name":"The Honorary Chairwoman\u2019s Message | Instituto de Apoio \u00e0 Crian\u00e7a","isPartOf":{"@id":"https:\/\/iacrianca.pt\/en\/#website"},"primaryImageOfPage":{"@id":"https:\/\/iacrianca.pt\/en\/the-honorary-chairwomans-message\/#primaryimage"},"image":{"@id":"https:\/\/iacrianca.pt\/en\/the-honorary-chairwomans-message\/#primaryimage"},"thumbnailUrl":"https:\/\/iacrianca.pt\/wp-content\/uploads\/2020\/03\/co004.jpg","datePublished":"2020-05-14T14:43:41+00:00","dateModified":"2022-02-11T12:19:28+00:00","description":"Message from the Honorary President: \"a policy for children must be the work of the entire community with the active participation of the people\".","breadcrumb":{"@id":"https:\/\/iacrianca.pt\/en\/the-honorary-chairwomans-message\/#breadcrumb"},"inLanguage":"en-US","potentialAction":[{"@type":"ReadAction","target":["https:\/\/iacrianca.pt\/en\/the-honorary-chairwomans-message\/"]}]},{"@type":"ImageObject","inLanguage":"en-US","@id":"https:\/\/iacrianca.pt\/en\/the-honorary-chairwomans-message\/#primaryimage","url":"https:\/\/iacrianca.pt\/wp-content\/uploads\/2020\/03\/co004.jpg","contentUrl":"https:\/\/iacrianca.pt\/wp-content\/uploads\/2020\/03\/co004.jpg","width":1500,"height":1000},{"@type":"BreadcrumbList","@id":"https:\/\/iacrianca.pt\/en\/the-honorary-chairwomans-message\/#breadcrumb","itemListElement":[{"@type":"ListItem","position":1,"name":"In\u00edcio","item":"https:\/\/iacrianca.pt\/en\/"},{"@type":"ListItem","position":2,"name":"The Honorary Chairwoman\u2019s Message"}]},{"@type":"WebSite","@id":"https:\/\/iacrianca.pt\/en\/#website","url":"https:\/\/iacrianca.pt\/en\/","name":"Instituto de Apoio \u00e0 Crian\u00e7a","description":"Desde 1983 na defesa e promo\u00e7\u00e3o dos direitos da crian\u00e7a","publisher":{"@id":"https:\/\/iacrianca.pt\/en\/#organization"},"potentialAction":[{"@type":"SearchAction","target":{"@type":"EntryPoint","urlTemplate":"https:\/\/iacrianca.pt\/en\/?s={search_term_string}"},"query-input":{"@type":"PropertyValueSpecification","valueRequired":true,"valueName":"search_term_string"}}],"inLanguage":"en-US"},{"@type":"Organization","@id":"https:\/\/iacrianca.pt\/en\/#organization","name":"Instituto de Apoio \u00e0 Crian\u00e7a","url":"https:\/\/iacrianca.pt\/en\/","logo":{"@type":"ImageObject","inLanguage":"en-US","@id":"https:\/\/iacrianca.pt\/en\/#\/schema\/logo\/image\/","url":"https:\/\/iacrianca.pt\/wp-content\/uploads\/2020\/04\/logo-iac-SD.jpg","contentUrl":"https:\/\/iacrianca.pt\/wp-content\/uploads\/2020\/04\/logo-iac-SD.jpg","width":152,"height":73,"caption":"Instituto de Apoio \u00e0 Crian\u00e7a"},"image":{"@id":"https:\/\/iacrianca.pt\/en\/#\/schema\/logo\/image\/"},"sameAs":["https:\/\/www.facebook.com\/iacinstitutodeapoioacrianca","https:\/\/x.com\/iacapoiocrianca","https:\/\/www.youtube.com\/channel\/UC0jjfZ_xkN_59gJf_RQ-ZnQ","https:\/\/www.linkedin.com\/company\/instituto-de-apoio--criana\/","https:\/\/www.instagram.com\/iacinstitutodeapoioacrianca\/","https:\/\/criancasatortoeadireitos.wordpress.com\/"]}]}},"_links":{"self":[{"href":"https:\/\/iacrianca.pt\/en\/wp-json\/wp\/v2\/pages\/11648","targetHints":{"allow":["GET"]}}],"collection":[{"href":"https:\/\/iacrianca.pt\/en\/wp-json\/wp\/v2\/pages"}],"about":[{"href":"https:\/\/iacrianca.pt\/en\/wp-json\/wp\/v2\/types\/page"}],"author":[{"embeddable":true,"href":"https:\/\/iacrianca.pt\/en\/wp-json\/wp\/v2\/users\/2"}],"replies":[{"embeddable":true,"href":"https:\/\/iacrianca.pt\/en\/wp-json\/wp\/v2\/comments?post=11648"}],"version-history":[{"count":0,"href":"https:\/\/iacrianca.pt\/en\/wp-json\/wp\/v2\/pages\/11648\/revisions"}],"wp:featuredmedia":[{"embeddable":true,"href":"https:\/\/iacrianca.pt\/en\/wp-json\/wp\/v2\/media\/9246"}],"wp:attachment":[{"href":"https:\/\/iacrianca.pt\/en\/wp-json\/wp\/v2\/media?parent=11648"}],"curies":[{"name":"wp","href":"https:\/\/api.w.org\/{rel}","templated":true}]}}